{"id":1856,"date":"2019-01-15T17:09:14","date_gmt":"2019-01-15T17:09:14","guid":{"rendered":"https:\/\/demo01.gethomey.io\/?page_id=1856"},"modified":"2025-01-30T16:03:32","modified_gmt":"2025-01-30T16:03:32","slug":"half-search","status":"publish","type":"page","link":"https:\/\/apartment.itaja.lt\/index.php\/half-search\/","title":{"rendered":"Half Search"},"content":{"rendered":"\t\t<div data-elementor-type=\"wp-page\" data-elementor-id=\"1856\" class=\"elementor elementor-1856\">\n\t\t\t\t\t\t<section class=\"elementor-section elementor-top-section elementor-element elementor-element-c85e1a4 elementor-section-boxed elementor-section-height-default elementor-section-height-default\" data-id=\"c85e1a4\" data-element_type=\"section\">\n\t\t\t\t\t\t<div class=\"elementor-container elementor-column-gap-default\">\n\t\t\t\t\t<div class=\"elementor-column elementor-col-100 elementor-top-column elementor-element elementor-element-357d4a7\" data-id=\"357d4a7\" data-element_type=\"column\">\n\t\t\t<div class=\"elementor-widget-wrap elementor-element-populated\">\n\t\t\t\t\t\t<div class=\"elementor-element elementor-element-a19f16b elementor-widget elementor-widget-spacer\" data-id=\"a19f16b\" data-element_type=\"widget\" data-widget_type=\"spacer.default\">\n\t\t\t\t<div class=\"elementor-widget-container\">\n\t\t\t\t\t\t\t<div class=\"elementor-spacer\">\n\t\t\t<div class=\"elementor-spacer-inner\"><\/div>\n\t\t<\/div>\n\t\t\t\t\t\t<\/div>\n\t\t\t\t<\/div>\n\t\t\t\t<div class=\"elementor-element elementor-element-4fff11b elementor-widget elementor-widget-homey_elementor_listings\" data-id=\"4fff11b\" data-element_type=\"widget\" data-widget_type=\"homey_elementor_listings.default\">\n\t\t\t\t<div class=\"elementor-widget-container\">\n\t\t\t\t\t\r\n\t\t<div id=\"listings_module_section\" data-in-vc-core=\"1\" class=\"listing-page listing-page-full-width module-wrap property-module-grid\">\r\n\t\t\t<div data-in-vc-core=\"1\" class=\"listing-wrap which-layout-grid  item-grid-view\">\r\n\t\t\t\t<div id=\"module_listings\" class=\"row\">\r\n\t\t\t\t\t\n<div class=\"item-wrap infobox_trigger homey-matchHeight item-grid-view infobox_trigger homey-matchHeight\" data-dir=\"listing-item\" data-id=\"346\">\n    <div class=\"media property-item\">\n        <div class=\"media-left\">\n            <div class=\"item-media item-media-thumb\">\n                <span class=\"label-wrap top-left\">\n                    <span class=\"label label-featured\">Featured<\/span>\n                <\/span>                <a class=\"hover-effect\" href=\"https:\/\/apartment.itaja.lt\/index.php\/listing\/beautiful-cove\/\">\n                    <img fetchpriority=\"high\" decoding=\"async\" width=\"450\" height=\"300\" src=\"https:\/\/apartment.itaja.lt\/wp-content\/uploads\/2018\/10\/05.jpg\" class=\"img-responsive wp-post-image\" alt=\"\" \/>                <\/a>\n\n                                    <div class=\"item-media-price\">\n                        <span class=\"item-price\">\n                            175.00<sup>\u20ac<\/sup><sub>\/night<\/sub>\n                        <\/span>\n                    <\/div>\n                \n                            <\/div>\n        <\/div>\n        <div class=\"media-body item-body clearfix\">\n\n            <div class=\"item-title-head table-block\">\n                <div class=\"title-head-left\">\n                    <h2 class=\"title\"><a href=\"https:\/\/apartment.itaja.lt\/index.php\/listing\/beautiful-cove\/\">\n                            Itaja 49 butas<\/a><\/h2>\n\n                    <address class=\"item-address\">56 Forest View Dr, San Francisco, CA 94132<\/address>        \n                <\/div>\n            <\/div>\n\n                        <ul class=\"item-amenities\">\n\n                                <li>\n                    <i class=\"homey-icon homey-icon-hotel-double-bed\"><\/i> \n                    <span class=\"total-beds\">2<\/span> <span class=\"item-label\">Bedrooms<\/span>\n                <\/li>\n                \n                                <li>\n                    <i class=\"homey-icon homey-icon-bathroom-shower-1\"><\/i> \n                    <span class=\"total-baths\">1<\/span> <span class=\"item-label\">Baths<\/span>\n                <\/li>\n                \n                                <li>\n                    <i class=\"homey-icon homey-icon-multiple-man-woman-2\"><\/i> \n                    <span class=\"total-guests\">2<\/span> <span class=\"item-label\">Guests<\/span>\n                <\/li>\n                \n                                <li class=\"item-type\">Bed &amp; Breakfast<\/li>\n                            <\/ul>\n            \n            \n            <div class=\"item-footer\">\n\n                \n                                    <div class=\"footer-left\">\n                        <div class=\"stars\">\n                            <div class=\"list-inline rating\">\n                                                            <\/div>\n                        <\/div>\n                    <\/div>\n                            <\/div>\n        <\/div>\n    <\/div>\n<\/div><!-- .item-wrap -->\n<div class=\"item-wrap infobox_trigger homey-matchHeight item-grid-view infobox_trigger homey-matchHeight\" data-dir=\"listing-item\" data-id=\"283\">\n    <div class=\"media property-item\">\n        <div class=\"media-left\">\n            <div class=\"item-media item-media-thumb\">\n                <span class=\"label-wrap top-left\">\n                    <span class=\"label label-featured\">Featured<\/span>\n                <\/span>                <a class=\"hover-effect\" href=\"https:\/\/apartment.itaja.lt\/index.php\/listing\/confy-designer-room\/\">\n                    <img decoding=\"async\" width=\"450\" height=\"300\" src=\"https:\/\/apartment.itaja.lt\/wp-content\/uploads\/2018\/10\/15-450x300.jpg\" class=\"img-responsive wp-post-image\" alt=\"\" srcset=\"https:\/\/apartment.itaja.lt\/wp-content\/uploads\/2018\/10\/15-450x300.jpg 450w, https:\/\/apartment.itaja.lt\/wp-content\/uploads\/2018\/10\/15-300x200.jpg 300w, https:\/\/apartment.itaja.lt\/wp-content\/uploads\/2018\/10\/15-1024x683.jpg 1024w, https:\/\/apartment.itaja.lt\/wp-content\/uploads\/2018\/10\/15-768x512.jpg 768w, https:\/\/apartment.itaja.lt\/wp-content\/uploads\/2018\/10\/15-1140x760.jpg 1140w, https:\/\/apartment.itaja.lt\/wp-content\/uploads\/2018\/10\/15-120x80.jpg 120w, https:\/\/apartment.itaja.lt\/wp-content\/uploads\/2018\/10\/15-750x500.jpg 750w, https:\/\/apartment.itaja.lt\/wp-content\/uploads\/2018\/10\/15.jpg 1440w\" sizes=\"(max-width: 450px) 100vw, 450px\" \/>                <\/a>\n\n                                    <div class=\"item-media-price\">\n                        <span class=\"item-price\">\n                            29.00<sup>\u20ac<\/sup><sub>\/u\u017e nakt\u012f<\/sub>\n                        <\/span>\n                    <\/div>\n                \n                            <\/div>\n        <\/div>\n        <div class=\"media-body item-body clearfix\">\n\n            <div class=\"item-title-head table-block\">\n                <div class=\"title-head-left\">\n                    <h2 class=\"title\"><a href=\"https:\/\/apartment.itaja.lt\/index.php\/listing\/confy-designer-room\/\">\n                            Itaja butas 91<\/a><\/h2>\n\n                    <address class=\"item-address\">369 Sumner Ave Brooklyn, NY 11221<\/address>        \n                <\/div>\n            <\/div>\n\n                        <ul class=\"item-amenities\">\n\n                                <li>\n                    <i class=\"homey-icon homey-icon-hotel-double-bed\"><\/i> \n                    <span class=\"total-beds\">1<\/span> <span class=\"item-label\">Bedrooms<\/span>\n                <\/li>\n                \n                                <li>\n                    <i class=\"homey-icon homey-icon-bathroom-shower-1\"><\/i> \n                    <span class=\"total-baths\">2<\/span> <span class=\"item-label\">Baths<\/span>\n                <\/li>\n                \n                                <li>\n                    <i class=\"homey-icon homey-icon-multiple-man-woman-2\"><\/i> \n                    <span class=\"total-guests\">2<\/span> <span class=\"item-label\">Guests<\/span>\n                <\/li>\n                \n                                <li class=\"item-type\">Bed &amp; Breakfast<\/li>\n                            <\/ul>\n            \n            \n            <div class=\"item-footer\">\n\n                \n                                    <div class=\"footer-left\">\n                        <div class=\"stars\">\n                            <div class=\"list-inline rating\">\n                                                            <\/div>\n                        <\/div>\n                    <\/div>\n                            <\/div>\n        <\/div>\n    <\/div>\n<\/div><!-- .item-wrap -->\n<div class=\"item-wrap infobox_trigger homey-matchHeight item-grid-view infobox_trigger homey-matchHeight\" data-dir=\"listing-item\" data-id=\"344\">\n    <div class=\"media property-item\">\n        <div class=\"media-left\">\n            <div class=\"item-media item-media-thumb\">\n                                <a class=\"hover-effect\" href=\"https:\/\/apartment.itaja.lt\/index.php\/listing\/georgeus-apartment\/\">\n                    <img decoding=\"async\" width=\"450\" height=\"300\" src=\"https:\/\/apartment.itaja.lt\/wp-content\/uploads\/2025\/02\/IMG_20231105_134357-450x300.jpg\" class=\"img-responsive wp-post-image\" alt=\"\" srcset=\"https:\/\/apartment.itaja.lt\/wp-content\/uploads\/2025\/02\/IMG_20231105_134357-450x300.jpg 450w, https:\/\/apartment.itaja.lt\/wp-content\/uploads\/2025\/02\/IMG_20231105_134357-1140x760.jpg 1140w, https:\/\/apartment.itaja.lt\/wp-content\/uploads\/2025\/02\/IMG_20231105_134357-120x80.jpg 120w\" sizes=\"(max-width: 450px) 100vw, 450px\" \/>                <\/a>\n\n                                    <div class=\"item-media-price\">\n                        <span class=\"item-price\">\n                            22.00<sup>\u20ac<\/sup><sub>\/u\u017e nakt\u012f<\/sub>\n                        <\/span>\n                    <\/div>\n                \n                            <\/div>\n        <\/div>\n        <div class=\"media-body item-body clearfix\">\n\n            <div class=\"item-title-head table-block\">\n                <div class=\"title-head-left\">\n                    <h2 class=\"title\"><a href=\"https:\/\/apartment.itaja.lt\/index.php\/listing\/georgeus-apartment\/\">\n                            Itaja Apartment 50<\/a><\/h2>\n\n                    <address class=\"item-address\">107, Til\u017e\u0117s g., Senamiestis, \u0160iauliai, \u0160iauli\u0173 miesto savivaldyb\u0117, \u0160iauli\u0173 apskritis, 77164, Lietuva<\/address>        \n                <\/div>\n            <\/div>\n\n                        <ul class=\"item-amenities\">\n\n                                <li>\n                    <i class=\"homey-icon homey-icon-hotel-double-bed\"><\/i> \n                    <span class=\"total-beds\">1<\/span> <span class=\"item-label\">Bedrooms<\/span>\n                <\/li>\n                \n                                <li>\n                    <i class=\"homey-icon homey-icon-bathroom-shower-1\"><\/i> \n                    <span class=\"total-baths\">1<\/span> <span class=\"item-label\">Baths<\/span>\n                <\/li>\n                \n                                <li>\n                    <i class=\"homey-icon homey-icon-multiple-man-woman-2\"><\/i> \n                    <span class=\"total-guests\">2<\/span> <span class=\"item-label\">Guests<\/span>\n                <\/li>\n                \n                                <li class=\"item-type\">Butas be balkono<\/li>\n                            <\/ul>\n            \n            \n            <div class=\"item-footer\">\n\n                \n                                    <div class=\"footer-left\">\n                        <div class=\"stars\">\n                            <div class=\"list-inline rating\">\n                                                            <\/div>\n                        <\/div>\n                    <\/div>\n                            <\/div>\n        <\/div>\n    <\/div>\n<\/div><!-- .item-wrap -->\n<div class=\"item-wrap infobox_trigger homey-matchHeight item-grid-view infobox_trigger homey-matchHeight\" data-dir=\"listing-item\" data-id=\"342\">\n    <div class=\"media property-item\">\n        <div class=\"media-left\">\n            <div class=\"item-media item-media-thumb\">\n                                <a class=\"hover-effect\" href=\"https:\/\/apartment.itaja.lt\/index.php\/listing\/amazing-home-for-families\/\">\n                    <img loading=\"lazy\" decoding=\"async\" width=\"450\" height=\"300\" src=\"https:\/\/apartment.itaja.lt\/wp-content\/uploads\/2018\/10\/02.jpg\" class=\"img-responsive wp-post-image\" alt=\"\" \/>                <\/a>\n\n                                    <div class=\"item-media-price\">\n                        <span class=\"item-price\">\n                            20.00<sup>\u20ac<\/sup><sub>\/u\u017e nakt\u012f<\/sub>\n                        <\/span>\n                    <\/div>\n                \n                            <\/div>\n        <\/div>\n        <div class=\"media-body item-body clearfix\">\n\n            <div class=\"item-title-head table-block\">\n                <div class=\"title-head-left\">\n                    <h2 class=\"title\"><a href=\"https:\/\/apartment.itaja.lt\/index.php\/listing\/amazing-home-for-families\/\">\n                            Itaja Apartment 66<\/a><\/h2>\n\n                    <address class=\"item-address\">6298 California St, San Francisco, CA 94121<\/address>        \n                <\/div>\n            <\/div>\n\n                        <ul class=\"item-amenities\">\n\n                                <li>\n                    <i class=\"homey-icon homey-icon-hotel-double-bed\"><\/i> \n                    <span class=\"total-beds\">4<\/span> <span class=\"item-label\">Bedrooms<\/span>\n                <\/li>\n                \n                                <li>\n                    <i class=\"homey-icon homey-icon-bathroom-shower-1\"><\/i> \n                    <span class=\"total-baths\">2<\/span> <span class=\"item-label\">Baths<\/span>\n                <\/li>\n                \n                                <li>\n                    <i class=\"homey-icon homey-icon-multiple-man-woman-2\"><\/i> \n                    <span class=\"total-guests\">8<\/span> <span class=\"item-label\">Guests<\/span>\n                <\/li>\n                \n                                <li class=\"item-type\">House<\/li>\n                            <\/ul>\n            \n            \n            <div class=\"item-footer\">\n\n                \n                                    <div class=\"footer-left\">\n                        <div class=\"stars\">\n                            <div class=\"list-inline rating\">\n                                                            <\/div>\n                        <\/div>\n                    <\/div>\n                            <\/div>\n        <\/div>\n    <\/div>\n<\/div><!-- .item-wrap -->\n<div class=\"item-wrap infobox_trigger homey-matchHeight item-grid-view infobox_trigger homey-matchHeight\" data-dir=\"listing-item\" data-id=\"340\">\n    <div class=\"media property-item\">\n        <div class=\"media-left\">\n            <div class=\"item-media item-media-thumb\">\n                                <a class=\"hover-effect\" href=\"https:\/\/apartment.itaja.lt\/index.php\/listing\/georgeus-villa-in-the-woods\/\">\n                    <img loading=\"lazy\" decoding=\"async\" width=\"450\" height=\"300\" src=\"https:\/\/apartment.itaja.lt\/wp-content\/uploads\/2018\/10\/23--450x300.jpg\" class=\"img-responsive wp-post-image\" alt=\"\" srcset=\"https:\/\/apartment.itaja.lt\/wp-content\/uploads\/2018\/10\/23--450x300.jpg 450w, https:\/\/apartment.itaja.lt\/wp-content\/uploads\/2018\/10\/23--300x200.jpg 300w, https:\/\/apartment.itaja.lt\/wp-content\/uploads\/2018\/10\/23--1024x683.jpg 1024w, https:\/\/apartment.itaja.lt\/wp-content\/uploads\/2018\/10\/23--768x512.jpg 768w, https:\/\/apartment.itaja.lt\/wp-content\/uploads\/2018\/10\/23--1140x760.jpg 1140w, https:\/\/apartment.itaja.lt\/wp-content\/uploads\/2018\/10\/23--120x80.jpg 120w, https:\/\/apartment.itaja.lt\/wp-content\/uploads\/2018\/10\/23--750x500.jpg 750w, https:\/\/apartment.itaja.lt\/wp-content\/uploads\/2018\/10\/23-.jpg 1440w\" sizes=\"(max-width: 450px) 100vw, 450px\" \/>                <\/a>\n\n                                    <div class=\"item-media-price\">\n                        <span class=\"item-price\">\n                            45.00<sup>\u20ac<\/sup><sub>\/u\u017e nakt\u012f<\/sub>\n                        <\/span>\n                    <\/div>\n                \n                            <\/div>\n        <\/div>\n        <div class=\"media-body item-body clearfix\">\n\n            <div class=\"item-title-head table-block\">\n                <div class=\"title-head-left\">\n                    <h2 class=\"title\"><a href=\"https:\/\/apartment.itaja.lt\/index.php\/listing\/georgeus-villa-in-the-woods\/\">\n                            Itaja 73 butas<\/a><\/h2>\n\n                    <address class=\"item-address\">3798 Divisadero St, San Francisco, CA 94123<\/address>        \n                <\/div>\n            <\/div>\n\n                        <ul class=\"item-amenities\">\n\n                                <li>\n                    <i class=\"homey-icon homey-icon-hotel-double-bed\"><\/i> \n                    <span class=\"total-beds\">3<\/span> <span class=\"item-label\">Bedrooms<\/span>\n                <\/li>\n                \n                                <li>\n                    <i class=\"homey-icon homey-icon-bathroom-shower-1\"><\/i> \n                    <span class=\"total-baths\">2<\/span> <span class=\"item-label\">Baths<\/span>\n                <\/li>\n                \n                                <li>\n                    <i class=\"homey-icon homey-icon-multiple-man-woman-2\"><\/i> \n                    <span class=\"total-guests\">6<\/span> <span class=\"item-label\">Guests<\/span>\n                <\/li>\n                \n                                <li class=\"item-type\">House<\/li>\n                            <\/ul>\n            \n            \n            <div class=\"item-footer\">\n\n                \n                                    <div class=\"footer-left\">\n                        <div class=\"stars\">\n                            <div class=\"list-inline rating\">\n                                                            <\/div>\n                        <\/div>\n                    <\/div>\n                            <\/div>\n        <\/div>\n    <\/div>\n<\/div><!-- .item-wrap -->\n<div class=\"item-wrap infobox_trigger homey-matchHeight item-grid-view infobox_trigger homey-matchHeight\" data-dir=\"listing-item\" data-id=\"281\">\n    <div class=\"media property-item\">\n        <div class=\"media-left\">\n            <div class=\"item-media item-media-thumb\">\n                                <a class=\"hover-effect\" href=\"https:\/\/apartment.itaja.lt\/index.php\/listing\/itaja-13-butas\/\">\n                    <img loading=\"lazy\" decoding=\"async\" width=\"450\" height=\"300\" src=\"https:\/\/apartment.itaja.lt\/wp-content\/uploads\/2018\/10\/03.jpg\" class=\"img-responsive wp-post-image\" alt=\"\" \/>                <\/a>\n\n                                    <div class=\"item-media-price\">\n                        <span class=\"item-price\">\n                            20.00<sup>\u20ac<\/sup><sub>\/u\u017e nakt\u012f<\/sub>\n                        <\/span>\n                    <\/div>\n                \n                            <\/div>\n        <\/div>\n        <div class=\"media-body item-body clearfix\">\n\n            <div class=\"item-title-head table-block\">\n                <div class=\"title-head-left\">\n                    <h2 class=\"title\"><a href=\"https:\/\/apartment.itaja.lt\/index.php\/listing\/itaja-13-butas\/\">\n                            Itajos apartamentai<\/a><\/h2>\n\n                    <address class=\"item-address\">699 Manhattan Ave Brooklyn, NY 11222<\/address>        \n                <\/div>\n            <\/div>\n\n                        <ul class=\"item-amenities\">\n\n                                <li>\n                    <i class=\"homey-icon homey-icon-hotel-double-bed\"><\/i> \n                    <span class=\"total-beds\">2<\/span> <span class=\"item-label\">Bedrooms<\/span>\n                <\/li>\n                \n                                <li>\n                    <i class=\"homey-icon homey-icon-bathroom-shower-1\"><\/i> \n                    <span class=\"total-baths\">1.5<\/span> <span class=\"item-label\">Baths<\/span>\n                <\/li>\n                \n                                <li>\n                    <i class=\"homey-icon homey-icon-multiple-man-woman-2\"><\/i> \n                    <span class=\"total-guests\">4<\/span> <span class=\"item-label\">Guests<\/span>\n                <\/li>\n                \n                                <li class=\"item-type\">Apartment<\/li>\n                            <\/ul>\n            \n            \n            <div class=\"item-footer\">\n\n                \n                                    <div class=\"footer-left\">\n                        <div class=\"stars\">\n                            <div class=\"list-inline rating\">\n                                                            <\/div>\n                        <\/div>\n                    <\/div>\n                            <\/div>\n        <\/div>\n    <\/div>\n<\/div><!-- .item-wrap -->\t\t\t\t<\/div>\r\n\t\t\t\t\r\n\t\t\t\t\t\t\t\t<div class=\"homey-loadmore loadmore text-center\">\r\n\t\t\t\t\t<a\r\n\t\t\t\t\tdata-query=\"\"\r\n\t\t\t\t\tdata-paged=\"2\"\r\n                    data-limit=\"9\"\r\n                    data-style=\"grid\" \r\n                    data-booking_type=\"\" \r\n                    data-type=\"\" \r\n                    data-roomtype=\"\"\r\n                    data-country=\"\"  \r\n                    data-state=\"\" \r\n                    data-city=\"\" \r\n                    data-area=\"\" \r\n                    data-featured=\"\" \r\n                    data-offset=\"\"\r\n                    data-sortby=\"featured_top\"\r\n                    href=\"#\" \r\n\t\t\t\t\tclass=\"btn btn-primary btn-long\">\r\n\t\t\t\t\t\t<i id=\"spinner-icon\" class=\"homey-icon homey-icon-loading-half fa-pulse fa-spin fa-fw\" style=\"display: none;\"><\/i>\r\n\t\t\t\t\t\tLoad More\t\t\t\t\t<\/a>\r\n\t\t\t\t<\/div>\r\n\t\t\t\t\r\n\r\n\t\t\t<\/div><!-- grid-listing-page -->\r\n\t\t<\/div>\r\n\t\t\r\n\t\t\t\t\t\t<\/div>\n\t\t\t\t<\/div>\n\t\t\t\t<div class=\"elementor-element elementor-element-ef45660 elementor-widget elementor-widget-spacer\" data-id=\"ef45660\" data-element_type=\"widget\" data-widget_type=\"spacer.default\">\n\t\t\t\t<div class=\"elementor-widget-container\">\n\t\t\t\t\t\t\t<div class=\"elementor-spacer\">\n\t\t\t<div class=\"elementor-spacer-inner\"><\/div>\n\t\t<\/div>\n\t\t\t\t\t\t<\/div>\n\t\t\t\t<\/div>\n\t\t\t\t\t<\/div>\n\t\t<\/div>\n\t\t\t\t\t<\/div>\n\t\t<\/section>\n\t\t\t\t<\/div>\n\t\t","protected":false},"excerpt":{"rendered":"<p>Featured $525\/night Modern Apartment With Pool Apartment Hosted by Jerry Coleman Compare Remove from Favorite Average Featured $455\/night Spacious Family Home House Hosted by Crystal Elliott Compare Remove from Favorite Excellent Featured $129\/night Confy Designer Room Bed &amp; Breakfast Hosted by Rose Burke Compare Add to Favorite Excellent Featured $78\/night Charming Condo Room Condo Hosted [&hellip;]<\/p>\n","protected":false},"author":2,"featured_media":0,"parent":0,"menu_order":0,"comment_status":"closed","ping_status":"closed","template":"elementor_header_footer","meta":{"footnotes":""},"class_list":["post-1856","page","type-page","status-publish","hentry"],"_links":{"self":[{"href":"https:\/\/apartment.itaja.lt\/index.php\/wp-json\/wp\/v2\/pages\/1856","targetHints":{"allow":["GET"]}}],"collection":[{"href":"https:\/\/apartment.itaja.lt\/index.php\/wp-json\/wp\/v2\/pages"}],"about":[{"href":"https:\/\/apartment.itaja.lt\/index.php\/wp-json\/wp\/v2\/types\/page"}],"author":[{"embeddable":true,"href":"https:\/\/apartment.itaja.lt\/index.php\/wp-json\/wp\/v2\/users\/2"}],"replies":[{"embeddable":true,"href":"https:\/\/apartment.itaja.lt\/index.php\/wp-json\/wp\/v2\/comments?post=1856"}],"version-history":[{"count":1,"href":"https:\/\/apartment.itaja.lt\/index.php\/wp-json\/wp\/v2\/pages\/1856\/revisions"}],"predecessor-version":[{"id":4619,"href":"https:\/\/apartment.itaja.lt\/index.php\/wp-json\/wp\/v2\/pages\/1856\/revisions\/4619"}],"wp:attachment":[{"href":"https:\/\/apartment.itaja.lt\/index.php\/wp-json\/wp\/v2\/media?parent=1856"}],"curies":[{"name":"wp","href":"https:\/\/api.w.org\/{rel}","templated":true}]}}